{"id":1816,"date":"2022-08-19T14:10:33","date_gmt":"2022-08-19T12:10:33","guid":{"rendered":"https:\/\/www.careandd.com\/mentions-legales\/"},"modified":"2025-05-20T15:07:42","modified_gmt":"2025-05-20T13:07:42","slug":"rechtliche-hinweise","status":"publish","type":"page","link":"https:\/\/www.careandd.com\/de\/rechtliche-hinweise\/","title":{"rendered":"Rechtliche Hinweise"},"content":{"rendered":"<p>[et_pb_section fb_built=&#8220;1&#8243; _builder_version=&#8220;4.16&#8243; global_colors_info=&#8220;{}&#8220;][et_pb_row _builder_version=&#8220;4.16&#8243; background_size=&#8220;initial&#8220; background_position=&#8220;top_left&#8220; background_repeat=&#8220;repeat&#8220; global_colors_info=&#8220;{}&#8220;][et_pb_column type=&#8220;4_4&#8243; _builder_version=&#8220;4.16&#8243; custom_padding=&#8220;|||&#8220; global_colors_info=&#8220;{}&#8220; custom_padding__hover=&#8220;|||&#8220;][et_pb_text _builder_version=&#8220;4.27.4&#8243; background_size=&#8220;initial&#8220; background_position=&#8220;top_left&#8220; background_repeat=&#8220;repeat&#8220; global_colors_info=&#8220;{}&#8220;]<\/p>\n<h1><span style=\"font-weight: 400;\">Rechtliche Hinweise<\/span><\/h1>\n<h2><span style=\"font-weight: 400;\">\u00a0<\/span><\/h2>\n<h2><span style=\"font-weight: 400;\">Wer sind wir?<\/span><\/h2>\n<p><span style=\"font-weight: 400;\">\u00a0<\/span><\/p>\n<p><span style=\"font-weight: 400;\">Care&amp;D<\/span><\/p>\n<p>SRL Care&amp;D is gespecialiseerd in onderzoek en ontwikkeling op het gebied van cosmetica.<\/p>\n<p><span style=\"font-weight: 400;\">\u00a0<\/span><\/p>\n<p><b>Auftrag<\/b><\/p>\n<p>SRL Care&amp;D verbindt zich ertoe de geldende wetgeving in Belgi\u00eb en Europa na te leven en stelt alles in het werk om elk ongeoorloofd of onrechtmatig gebruik van uw persoonsgegevens te voorkomen. Hiertoe maken wij gebruik van passende procedures en systemen om ervoor te zorgen dat alleen bevoegde personen toegang hebben tot uw gegevens. We herinneren u er ook aan dat deze personen bij de uitoefening van hun functie een geheimhoudingsplicht hebben.<\/p>\n<p><span style=\"font-weight: 400;\">\u00a0<\/span><\/p>\n<p><span style=\"font-weight: 400;\">\u00a0<\/span><\/p>\n<p><b>Kontakt<\/b><\/p>\n<p><span style=\"font-weight: 400;\">Care&amp;D<\/span><\/p>\n<p><span style=\"font-weight: 400;\">Rue du Lonnoux 2, 6880 Bertrix<\/span><\/p>\n<p><span style=\"font-weight: 400;\">\u00a0<\/span><\/p>\n<p><span style=\"font-weight: 400;\">+32 61 41 18 16<\/span><\/p>\n<p><span><a href=\"mailto:projet@careandd.be\">projet@careandd.be<\/a><\/span><\/p>\n<p><span style=\"font-weight: 400;\">BE 0676 669 426<\/span><\/p>\n<p><span><a href=\"http:\/\/www.careandd.com\">www.careandd.com<\/a><\/span><\/p>\n<p><span style=\"font-weight: 400;\">\u00a0<\/span><\/p>\n<p>SRL Care&amp;D verbindt zich ertoe de geldende wetgeving in Belgi\u00eb en Europa na te leven en stelt alles in het werk om elk ongeoorloofd of onrechtmatig gebruik van uw persoonsgegevens te voorkomen. Hiertoe maken wij gebruik van passende procedures en systemen om ervoor te zorgen dat alleen bevoegde personen toegang hebben tot uw gegevens. We herinneren u er ook aan dat deze personen bij de uitoefening van hun functie een geheimhoudingsplicht hebben.<\/p>\n<p>[\/et_pb_text][\/et_pb_column][\/et_pb_row][\/et_pb_section]<\/p>\n","protected":false},"excerpt":{"rendered":"<p>Rechtliche Hinweise \u00a0 Wer sind wir? \u00a0 Care&amp;D SRL Care&amp;D is gespecialiseerd in onderzoek en ontwikkeling op het gebied van cosmetica. \u00a0 Auftrag SRL Care&amp;D verbindt zich ertoe de geldende wetgeving in Belgi\u00eb en Europa na te leven en stelt alles in het werk om elk ongeoorloofd of onrechtmatig gebruik van uw persoonsgegevens te voorkomen. Hiertoe maken wij gebruik van passende procedures en systemen om ervoor te zorgen dat alleen bevoegde personen toegang hebben tot uw gegevens. We herinneren u er ook aan dat deze personen bij de uitoefening van hun functie een geheimhoudingsplicht hebben. \u00a0 \u00a0 Kontakt Care&amp;D Rue du Lonnoux 2, 6880 Bertrix \u00a0 +32 61 41 18 16 projet@careandd.be BE 0676 669 426 www.careandd.com \u00a0 SRL Care&amp;D verbindt zich ertoe de geldende wetgeving in Belgi\u00eb en Europa na te leven en stelt alles in het werk om elk ongeoorloofd of onrechtmatig gebruik van uw persoonsgegevens te voorkomen. Hiertoe maken wij gebruik van passende procedures en systemen om ervoor te zorgen dat alleen bevoegde personen toegang hebben tot uw gegevens. We herinneren u er ook aan dat deze personen bij de uitoefening van hun functie een geheimhoudingsplicht hebben.<\/p>\n","protected":false},"author":1,"featured_media":0,"parent":0,"menu_order":1000,"comment_status":"closed","ping_status":"closed","template":"","meta":{"_et_pb_use_builder":"on","_et_pb_old_content":"<h2><span style=\"font-weight: 400;\">Qui sommes-nous ?<\/span><\/h2><p><span style=\"font-weight: 400;\">\u00a0<\/span><\/p><p><span style=\"font-weight: 400;\">Care&D<\/span><\/p><p><span style=\"font-weight: 400;\">Laboratoire cosm\u00e9tiques<\/span><\/p><p><span style=\"font-weight: 400;\">\u00a0<\/span><\/p><p><b>Mission<\/b><\/p><p><span style=\"font-weight: 400;\">Cr\u00e9ation de cosm\u00e9tiques sur mesure<\/span><\/p><p><span style=\"font-weight: 400;\">\u00a0<\/span><\/p><p><span style=\"font-weight: 400;\">\u00a0<\/span><\/p><p><b>Contact<\/b><\/p><p><span style=\"font-weight: 400;\">Care&D<\/span><\/p><p><span style=\"font-weight: 400;\">Rue du Lonnoux 2, 6880 Bertrix<\/span><\/p><p><span style=\"font-weight: 400;\">\u00a0<\/span><\/p><p><span style=\"font-weight: 400;\">+32 61 41 18 16<\/span><\/p><p><span style=\"font-weight: 400;\">info@saupont.be<\/span><\/p><p><span style=\"font-weight: 400;\">BE 0676 669 426<\/span><\/p><p><span style=\"font-weight: 400;\">\u00a0<\/span><\/p><p><span style=\"font-weight: 400;\">Care&D s\u2019engage \u00e0 respecter la l\u00e9gislation en vigueur en Belgique et en Europe et met tout en \u0153uvre afin d\u2019emp\u00eacher tout usage non autoris\u00e9 ou illicite de vos donn\u00e9es personnelles. \u00c0 cette fin, nous utilisons des proc\u00e9dures et des syst\u00e8mes appropri\u00e9s pour que seules les personnes qui y sont autoris\u00e9es puissent acc\u00e9der \u00e0 vos informations. En outre, nous vous rappelons que ces personnes sont tenues \u00e0 un devoir de confidentialit\u00e9 dans le cadre de leur fonction.<\/span><\/p>","_et_gb_content_width":"","footnotes":""},"class_list":["post-1816","page","type-page","status-publish","hentry"],"yoast_head":"<!-- This site is optimized with the Yoast SEO plugin v27.4 - https:\/\/yoast.com\/product\/yoast-seo-wordpress\/ -->\n<title>Rechtliche Hinweise | Care&amp;D<\/title>\n<meta name=\"robots\" content=\"index, follow, max-snippet:-1, max-image-preview:large, max-video-preview:-1\" \/>\n<link rel=\"canonical\" href=\"https:\/\/www.careandd.com\/de\/rechtliche-hinweise\/\" \/>\n<meta property=\"og:locale\" content=\"de_DE\" \/>\n<meta property=\"og:type\" content=\"article\" \/>\n<meta property=\"og:title\" content=\"Rechtliche Hinweise | Care&amp;D\" \/>\n<meta property=\"og:description\" content=\"Rechtliche Hinweise \u00a0 Wer sind wir? \u00a0 Care&amp;D SRL Care&amp;D is gespecialiseerd in onderzoek en ontwikkeling op het gebied van cosmetica. \u00a0 Auftrag SRL Care&amp;D verbindt zich ertoe de geldende wetgeving in Belgi\u00eb en Europa na te leven en stelt alles in het werk om elk ongeoorloofd of onrechtmatig gebruik van uw persoonsgegevens te voorkomen. Hiertoe maken wij gebruik van passende procedures en systemen om ervoor te zorgen dat alleen bevoegde personen toegang hebben tot uw gegevens. We herinneren u er ook aan dat deze personen bij de uitoefening van hun functie een geheimhoudingsplicht hebben. \u00a0 \u00a0 Kontakt Care&amp;D Rue du Lonnoux 2, 6880 Bertrix \u00a0 +32 61 41 18 16 projet@careandd.be BE 0676 669 426 www.careandd.com \u00a0 SRL Care&amp;D verbindt zich ertoe de geldende wetgeving in Belgi\u00eb en Europa na te leven en stelt alles in het werk om elk ongeoorloofd of onrechtmatig gebruik van uw persoonsgegevens te voorkomen. Hiertoe maken wij gebruik van passende procedures en systemen om ervoor te zorgen dat alleen bevoegde personen toegang hebben tot uw gegevens. We herinneren u er ook aan dat deze personen bij de uitoefening van hun functie een geheimhoudingsplicht hebben.\" \/>\n<meta property=\"og:url\" content=\"https:\/\/www.careandd.com\/de\/rechtliche-hinweise\/\" \/>\n<meta property=\"og:site_name\" content=\"Care&amp;D\" \/>\n<meta property=\"article:modified_time\" content=\"2025-05-20T13:07:42+00:00\" \/>\n<meta name=\"twitter:card\" content=\"summary_large_image\" \/>\n<meta name=\"twitter:label1\" content=\"Gesch\u00e4tzte Lesezeit\" \/>\n\t<meta name=\"twitter:data1\" content=\"1\u00a0Minute\" \/>\n<script type=\"application\/ld+json\" class=\"yoast-schema-graph\">{\"@context\":\"https:\\\/\\\/schema.org\",\"@graph\":[{\"@type\":\"WebPage\",\"@id\":\"https:\\\/\\\/www.careandd.com\\\/de\\\/rechtliche-hinweise\\\/\",\"url\":\"https:\\\/\\\/www.careandd.com\\\/de\\\/rechtliche-hinweise\\\/\",\"name\":\"Rechtliche Hinweise | Care&amp;D\",\"isPartOf\":{\"@id\":\"https:\\\/\\\/www.careandd.com\\\/de\\\/#website\"},\"datePublished\":\"2022-08-19T12:10:33+00:00\",\"dateModified\":\"2025-05-20T13:07:42+00:00\",\"breadcrumb\":{\"@id\":\"https:\\\/\\\/www.careandd.com\\\/de\\\/rechtliche-hinweise\\\/#breadcrumb\"},\"inLanguage\":\"de\",\"potentialAction\":[{\"@type\":\"ReadAction\",\"target\":[\"https:\\\/\\\/www.careandd.com\\\/de\\\/rechtliche-hinweise\\\/\"]}]},{\"@type\":\"BreadcrumbList\",\"@id\":\"https:\\\/\\\/www.careandd.com\\\/de\\\/rechtliche-hinweise\\\/#breadcrumb\",\"itemListElement\":[{\"@type\":\"ListItem\",\"position\":1,\"name\":\"Accueil\",\"item\":\"https:\\\/\\\/www.careandd.com\\\/de\\\/\"},{\"@type\":\"ListItem\",\"position\":2,\"name\":\"Rechtliche Hinweise\"}]},{\"@type\":\"WebSite\",\"@id\":\"https:\\\/\\\/www.careandd.com\\\/de\\\/#website\",\"url\":\"https:\\\/\\\/www.careandd.com\\\/de\\\/\",\"name\":\"Care&amp;D\",\"description\":\"\",\"potentialAction\":[{\"@type\":\"SearchAction\",\"target\":{\"@type\":\"EntryPoint\",\"urlTemplate\":\"https:\\\/\\\/www.careandd.com\\\/de\\\/?s={search_term_string}\"},\"query-input\":{\"@type\":\"PropertyValueSpecification\",\"valueRequired\":true,\"valueName\":\"search_term_string\"}}],\"inLanguage\":\"de\"}]}<\/script>\n<!-- \/ Yoast SEO plugin. -->","yoast_head_json":{"title":"Rechtliche Hinweise | Care&amp;D","robots":{"index":"index","follow":"follow","max-snippet":"max-snippet:-1","max-image-preview":"max-image-preview:large","max-video-preview":"max-video-preview:-1"},"canonical":"https:\/\/www.careandd.com\/de\/rechtliche-hinweise\/","og_locale":"de_DE","og_type":"article","og_title":"Rechtliche Hinweise | Care&amp;D","og_description":"Rechtliche Hinweise \u00a0 Wer sind wir? \u00a0 Care&amp;D SRL Care&amp;D is gespecialiseerd in onderzoek en ontwikkeling op het gebied van cosmetica. \u00a0 Auftrag SRL Care&amp;D verbindt zich ertoe de geldende wetgeving in Belgi\u00eb en Europa na te leven en stelt alles in het werk om elk ongeoorloofd of onrechtmatig gebruik van uw persoonsgegevens te voorkomen. Hiertoe maken wij gebruik van passende procedures en systemen om ervoor te zorgen dat alleen bevoegde personen toegang hebben tot uw gegevens. We herinneren u er ook aan dat deze personen bij de uitoefening van hun functie een geheimhoudingsplicht hebben. \u00a0 \u00a0 Kontakt Care&amp;D Rue du Lonnoux 2, 6880 Bertrix \u00a0 +32 61 41 18 16 projet@careandd.be BE 0676 669 426 www.careandd.com \u00a0 SRL Care&amp;D verbindt zich ertoe de geldende wetgeving in Belgi\u00eb en Europa na te leven en stelt alles in het werk om elk ongeoorloofd of onrechtmatig gebruik van uw persoonsgegevens te voorkomen. Hiertoe maken wij gebruik van passende procedures en systemen om ervoor te zorgen dat alleen bevoegde personen toegang hebben tot uw gegevens. We herinneren u er ook aan dat deze personen bij de uitoefening van hun functie een geheimhoudingsplicht hebben.","og_url":"https:\/\/www.careandd.com\/de\/rechtliche-hinweise\/","og_site_name":"Care&amp;D","article_modified_time":"2025-05-20T13:07:42+00:00","twitter_card":"summary_large_image","twitter_misc":{"Gesch\u00e4tzte Lesezeit":"1\u00a0Minute"},"schema":{"@context":"https:\/\/schema.org","@graph":[{"@type":"WebPage","@id":"https:\/\/www.careandd.com\/de\/rechtliche-hinweise\/","url":"https:\/\/www.careandd.com\/de\/rechtliche-hinweise\/","name":"Rechtliche Hinweise | Care&amp;D","isPartOf":{"@id":"https:\/\/www.careandd.com\/de\/#website"},"datePublished":"2022-08-19T12:10:33+00:00","dateModified":"2025-05-20T13:07:42+00:00","breadcrumb":{"@id":"https:\/\/www.careandd.com\/de\/rechtliche-hinweise\/#breadcrumb"},"inLanguage":"de","potentialAction":[{"@type":"ReadAction","target":["https:\/\/www.careandd.com\/de\/rechtliche-hinweise\/"]}]},{"@type":"BreadcrumbList","@id":"https:\/\/www.careandd.com\/de\/rechtliche-hinweise\/#breadcrumb","itemListElement":[{"@type":"ListItem","position":1,"name":"Accueil","item":"https:\/\/www.careandd.com\/de\/"},{"@type":"ListItem","position":2,"name":"Rechtliche Hinweise"}]},{"@type":"WebSite","@id":"https:\/\/www.careandd.com\/de\/#website","url":"https:\/\/www.careandd.com\/de\/","name":"Care&amp;D","description":"","potentialAction":[{"@type":"SearchAction","target":{"@type":"EntryPoint","urlTemplate":"https:\/\/www.careandd.com\/de\/?s={search_term_string}"},"query-input":{"@type":"PropertyValueSpecification","valueRequired":true,"valueName":"search_term_string"}}],"inLanguage":"de"}]}},"_links":{"self":[{"href":"https:\/\/www.careandd.com\/de\/wp-json\/wp\/v2\/pages\/1816","targetHints":{"allow":["GET"]}}],"collection":[{"href":"https:\/\/www.careandd.com\/de\/wp-json\/wp\/v2\/pages"}],"about":[{"href":"https:\/\/www.careandd.com\/de\/wp-json\/wp\/v2\/types\/page"}],"author":[{"embeddable":true,"href":"https:\/\/www.careandd.com\/de\/wp-json\/wp\/v2\/users\/1"}],"replies":[{"embeddable":true,"href":"https:\/\/www.careandd.com\/de\/wp-json\/wp\/v2\/comments?post=1816"}],"version-history":[{"count":4,"href":"https:\/\/www.careandd.com\/de\/wp-json\/wp\/v2\/pages\/1816\/revisions"}],"predecessor-version":[{"id":1855,"href":"https:\/\/www.careandd.com\/de\/wp-json\/wp\/v2\/pages\/1816\/revisions\/1855"}],"wp:attachment":[{"href":"https:\/\/www.careandd.com\/de\/wp-json\/wp\/v2\/media?parent=1816"}],"curies":[{"name":"wp","href":"https:\/\/api.w.org\/{rel}","templated":true}]}}